{"id":5342,"date":"2025-09-25T15:04:49","date_gmt":"2025-09-25T07:04:49","guid":{"rendered":"https:\/\/titantec.com\/privacy-statement-eu\/"},"modified":"2025-09-25T15:04:49","modified_gmt":"2025-09-25T07:04:49","slug":"privacy-statement-eu","status":"publish","type":"page","link":"https:\/\/www.titantec.com\/pt\/privacy-statement-eu\/","title":{"rendered":"Declara\u00e7\u00e3o de privacidade (UE)"},"content":{"rendered":"<!-- Legal document generated by Complianz | GDPR\/CCPA Cookie Consent https:\/\/wordpress.org\/plugins\/complianz-gdpr -->\n<div id=\"cmplz-document\" class=\"cmplz-document privacy-statement cmplz-document-eu\"><p><i>Esta declara\u00e7\u00e3o de privacidade foi actualizada pela \u00faltima vez em 25 de setembro de 2025 e aplica-se aos cidad\u00e3os e residentes permanentes legais do Espa\u00e7o Econ\u00f3mico Europeu e da Su\u00ed\u00e7a.<\/i><br \/><br \/><\/p><p><p>Nesta declara\u00e7\u00e3o de privacidade, explicamos o que fazemos com os dados que obtemos sobre o utilizador atrav\u00e9s de <a href=\"https:\/\/www.titantec.com\/pt\">https:\/\/www.titantec.com\/pt<\/a>. Recomendamos-lhe que leia atentamente esta declara\u00e7\u00e3o. No nosso processamento, cumprimos os requisitos da legisla\u00e7\u00e3o sobre privacidade. Isto significa, entre outras coisas, que:<\/p><ul>\n                <li>indicamos claramente as finalidades para as quais processamos os dados pessoais. Fazemo-lo atrav\u00e9s da presente declara\u00e7\u00e3o de privacidade;<\/li>\n                <li>o nosso objetivo \u00e9 limitar a nossa recolha de dados pessoais apenas aos dados pessoais necess\u00e1rios para fins leg\u00edtimos;<\/li>\n                <li>solicitamos primeiro o seu consentimento expl\u00edcito para tratar os seus dados pessoais nos casos que exigem o seu consentimento;<\/li>\n                <li>tomamos medidas de seguran\u00e7a adequadas para proteger os seus dados pessoais e exigimos o mesmo \u00e0s partes que tratam os dados pessoais em nosso nome;<\/li>\n                <li>respeitamos o seu direito de aceder aos seus dados pessoais ou de os corrigir ou apagar, a seu pedido.<\/li>\n            <\/ul><p>Se tiver alguma d\u00favida ou quiser saber exatamente que dados guardamos sobre si, contacte-nos.<\/p><\/p><h2>1. Objetivo, dados e per\u00edodo de conserva\u00e7\u00e3o<\/h2>Podemos recolher ou receber informa\u00e7\u00f5es pessoais para uma s\u00e9rie de fins relacionados com as nossas opera\u00e7\u00f5es comerciais, que podem incluir o seguinte: (clique para expandir)<details class=\"cmplz-dropdown dropdown-privacy-statement\"><summary><div><h3>1.1 Contacto - Por telefone, correio, correio eletr\u00f3nico e\/ou formul\u00e1rios Web<\/h3><\/div><\/summary><p class=\"cmplz-subtitle\">Para este efeito, utilizamos os seguintes dados:<\/p><p><ul><li>Um nome e um apelido<\/li><li>Um endere\u00e7o de correio eletr\u00f3nico<\/li><li>Um n\u00famero de telefone<\/li><li>Endere\u00e7o IP<\/li><\/ul><\/p><p class=\"cmplz-subtitle\">A base sobre a qual podemos processar estes dados \u00e9:<\/p><p><a target=\"_blank\" rel=\"noopener noreferrer nofollow\" href=\"https:\/\/cookiedatabase.org\/legal-bases\/#consent\">Mediante autoriza\u00e7\u00e3o.<\/a><\/p><p class=\"cmplz-subtitle\">Per\u00edodo de conserva\u00e7\u00e3o<\/p><p>Ap\u00f3s a cessa\u00e7\u00e3o do servi\u00e7o, conservamos estes dados durante o seguinte per\u00edodo: 1 ano.<\/p><\/details><details class=\"cmplz-dropdown dropdown-privacy-statement\"><summary><div><h3>1.2 Pagamentos<\/h3><\/div><\/summary><p class=\"cmplz-subtitle\">Para este efeito, utilizamos os seguintes dados:<\/p><p><ul><li>Um nome e um apelido<\/li><li>Um endere\u00e7o de correio eletr\u00f3nico<\/li><li>Um n\u00famero de telefone<\/li><\/ul><\/p><p class=\"cmplz-subtitle\">A base sobre a qual podemos processar estes dados \u00e9:<\/p><p><a target=\"_blank\" rel=\"noopener noreferrer nofollow\" href=\"https:\/\/cookiedatabase.org\/legal-bases\/#consent\">Mediante autoriza\u00e7\u00e3o.<\/a><\/p><p class=\"cmplz-subtitle\">Per\u00edodo de conserva\u00e7\u00e3o<\/p><p>Conservamos estes dados at\u00e9 que o servi\u00e7o seja terminado.<\/p><\/details><details class=\"cmplz-dropdown dropdown-privacy-statement\"><summary><div><h3>1.3 Boletins informativos<\/h3><\/div><\/summary><p class=\"cmplz-subtitle\">Para este efeito, utilizamos os seguintes dados:<\/p><p><ul><li>Um nome e um apelido<\/li><li>Nome da conta ou pseud\u00f3nimo<\/li><\/ul><\/p><p class=\"cmplz-subtitle\">A base sobre a qual podemos processar estes dados \u00e9:<\/p><p><a target=\"_blank\" rel=\"noopener noreferrer nofollow\" href=\"https:\/\/cookiedatabase.org\/legal-bases\/#consent\">Mediante autoriza\u00e7\u00e3o.<\/a><\/p><p class=\"cmplz-subtitle\">Per\u00edodo de conserva\u00e7\u00e3o<\/p><p>Conservamos estes dados at\u00e9 que o servi\u00e7o seja terminado.<\/p><\/details><details class=\"cmplz-dropdown dropdown-privacy-statement\"><summary><div><h3>1.4 Para apoiar servi\u00e7os ou produtos que um cliente pretende comprar ou comprou<\/h3><\/div><\/summary><p class=\"cmplz-subtitle\">Para este efeito, utilizamos os seguintes dados:<\/p><p><ul><li>Um nome e um apelido<\/li><li>Um endere\u00e7o de correio eletr\u00f3nico<\/li><\/ul><\/p><p class=\"cmplz-subtitle\">A base sobre a qual podemos processar estes dados \u00e9:<\/p><p><a target=\"_blank\" rel=\"noopener noreferrer nofollow\" href=\"https:\/\/cookiedatabase.org\/legal-bases\/#consent\">Mediante autoriza\u00e7\u00e3o.<\/a><\/p><p class=\"cmplz-subtitle\">Per\u00edodo de conserva\u00e7\u00e3o<\/p><p>Conservamos estes dados at\u00e9 que o servi\u00e7o seja terminado.<\/p><\/details><details class=\"cmplz-dropdown dropdown-privacy-statement\"><summary><div><h3>1.5 Compilar e analisar estat\u00edsticas para melhorar o s\u00edtio Web.<\/h3><\/div><\/summary><p class=\"cmplz-subtitle\">Para este efeito, utilizamos os seguintes dados:<\/p><p><ul><li>Um nome e um apelido<\/li><li>Um endere\u00e7o de correio eletr\u00f3nico<\/li><\/ul><\/p><p class=\"cmplz-subtitle\">A base sobre a qual podemos processar estes dados \u00e9:<\/p><p><a target=\"_blank\" rel=\"noopener noreferrer nofollow\" href=\"https:\/\/cookiedatabase.org\/legal-bases\/#consent\">Mediante autoriza\u00e7\u00e3o.<\/a><\/p><p class=\"cmplz-subtitle\">Per\u00edodo de conserva\u00e7\u00e3o<\/p><p>Conservamos estes dados at\u00e9 que o servi\u00e7o seja terminado.<\/p><\/details><details class=\"cmplz-dropdown dropdown-privacy-statement\"><summary><div><h3>1.6 Para podermos oferecer produtos e servi\u00e7os personalizados<\/h3><\/div><\/summary><p class=\"cmplz-subtitle\">Para este efeito, utilizamos os seguintes dados:<\/p><p><ul><li>Um nome e um apelido<\/li><li>Nome da conta ou pseud\u00f3nimo<\/li><\/ul><\/p><p class=\"cmplz-subtitle\">A base sobre a qual podemos processar estes dados \u00e9:<\/p><p><a target=\"_blank\" rel=\"noopener noreferrer nofollow\" href=\"https:\/\/cookiedatabase.org\/legal-bases\/#consent\">Mediante autoriza\u00e7\u00e3o.<\/a><\/p><p class=\"cmplz-subtitle\">Per\u00edodo de conserva\u00e7\u00e3o<\/p><p>Conservamos estes dados at\u00e9 que o servi\u00e7o seja terminado.<\/p><\/details><h2>2. Cookies<\/h2><p>O nosso s\u00edtio Web utiliza cookies. Para mais informa\u00e7\u00f5es sobre cookies, consulte o nosso <a href=\"https:\/\/www.titantec.com\/pt\/cookie-policy-eu\/\">Pol\u00edtica de cookies<\/a>.&nbsp;<\/p><h2>3. Pr\u00e1ticas de divulga\u00e7\u00e3o<\/h2><p><p>Divulgamos informa\u00e7\u00f5es pessoais se formos obrigados por lei ou por uma ordem judicial, em resposta a uma ag\u00eancia de aplica\u00e7\u00e3o da lei, na medida do permitido por outras disposi\u00e7\u00f5es da lei, para fornecer informa\u00e7\u00f5es ou para uma investiga\u00e7\u00e3o sobre um assunto relacionado com a seguran\u00e7a p\u00fablica.<\/p><p>Se o nosso s\u00edtio Web ou organiza\u00e7\u00e3o for adquirido, vendido ou envolvido numa fus\u00e3o ou aquisi\u00e7\u00e3o, os seus dados poder\u00e3o ser divulgados aos nossos consultores e a quaisquer potenciais compradores e ser\u00e3o transmitidos aos novos propriet\u00e1rios.<\/p><\/p><p>Celebr\u00e1mos um acordo de processamento de dados com a Google.<\/p><h2>4. Seguran\u00e7a<\/h2><p>Comprometemo-nos com a seguran\u00e7a dos dados pessoais. Tomamos medidas de seguran\u00e7a adequadas para limitar o abuso e o acesso n\u00e3o autorizado aos dados pessoais. Isto garante que apenas as pessoas necess\u00e1rias t\u00eam acesso aos seus dados, que o acesso aos dados est\u00e1 protegido e que as nossas medidas de seguran\u00e7a s\u00e3o revistas regularmente.<\/p><h2>5. S\u00edtios Web de terceiros<\/h2><p>A presente declara\u00e7\u00e3o de privacidade n\u00e3o se aplica a s\u00edtios Web de terceiros ligados por hiperliga\u00e7\u00f5es no nosso s\u00edtio Web. N\u00e3o podemos garantir que estes terceiros tratem os seus dados pessoais de forma fi\u00e1vel ou segura. Recomendamos que leia as declara\u00e7\u00f5es de privacidade desses s\u00edtios Web antes de os utilizar.<\/p><h2>6. Altera\u00e7\u00f5es \u00e0 presente declara\u00e7\u00e3o de privacidade<\/h2><p>Reservamo-nos o direito de efetuar altera\u00e7\u00f5es \u00e0 presente declara\u00e7\u00e3o de privacidade. Recomenda-se que o utilizador consulte regularmente esta declara\u00e7\u00e3o de privacidade para ter conhecimento de quaisquer altera\u00e7\u00f5es. Al\u00e9m disso, inform\u00e1-lo-emos ativamente sempre que poss\u00edvel.<\/p><h2>7. Aceder e modificar os seus dados<\/h2><p>Se tiver alguma d\u00favida ou quiser saber quais os dados pessoais que temos sobre si, contacte-nos. Pode contactar-nos utilizando as informa\u00e7\u00f5es abaixo. O utilizador tem os seguintes direitos:<\/p><ul>\n                <li>O utilizador tem o direito de saber por que raz\u00e3o os seus dados pessoais s\u00e3o necess\u00e1rios, o que lhes vai acontecer e durante quanto tempo ser\u00e3o conservados.<\/li>\n                <li>Direito de acesso: O utilizador tem o direito de aceder aos seus dados pessoais que sejam do nosso conhecimento.<\/li>\n                <li>Direito de retifica\u00e7\u00e3o: o utilizador tem o direito de completar, corrigir, mandar apagar ou bloquear os seus dados pessoais sempre que o desejar.<\/li>\n                <li>Se nos der o seu consentimento para o tratamento dos seus dados, tem o direito de revogar esse consentimento e de solicitar a elimina\u00e7\u00e3o dos seus dados pessoais.<\/li>\n                <li>Direito de transferir os seus dados: tem o direito de solicitar todos os seus dados pessoais ao respons\u00e1vel pelo tratamento e de os transferir na \u00edntegra para outro respons\u00e1vel pelo tratamento.<\/li>\n                <li>Direito de oposi\u00e7\u00e3o: o utilizador pode opor-se ao tratamento dos seus dados. Cumprimos este direito, exceto se existirem motivos justificados para o tratamento.<\/li>\n            <\/ul><p>Certifique-se de que indica sempre claramente quem \u00e9, para que possamos ter a certeza de que n\u00e3o modificamos ou apagamos quaisquer dados da pessoa errada.<\/p><h2>8. Apresenta\u00e7\u00e3o de uma queixa<\/h2><p>Se n\u00e3o estiver satisfeito com a forma como tratamos (uma queixa sobre) o processamento dos seus dados pessoais, tem o direito de apresentar uma queixa \u00e0 Autoridade de Prote\u00e7\u00e3o de Dados.<\/p><h2>9. Dados de contacto<\/h2><p>Titantec<br \/>\n        No.87, Yingxiang Road, Hushan District, Wuyi County, Prov\u00edncia de Zhejiang, China<br \/>\n        China<br \/>\n        S\u00edtio Web: <a href=\"https:\/\/www.titantec.com\/pt\">https:\/\/www.titantec.com\/pt<\/a> <br \/>\n        Correio eletr\u00f3nico: <span class=\"cmplz-obfuscate\">exportar@<span class=\"cmplz-fmail-domain\">ex.com<\/span>c&#104;&#105;na-t&#105;tan&#046;c&#110;<\/span> <br \/>\n        <\/p><\/div>","protected":false},"excerpt":{"rendered":"","protected":false},"author":1,"featured_media":0,"parent":0,"menu_order":0,"comment_status":"closed","ping_status":"closed","template":"","meta":{"_acf_changed":false,"_seopress_robots_primary_cat":"","_seopress_titles_title":"","_seopress_titles_desc":"","_seopress_robots_index":"","footnotes":""},"class_list":["post-5342","page","type-page","status-publish","hentry"],"acf":[],"_links":{"self":[{"href":"https:\/\/www.titantec.com\/pt\/wp-json\/wp\/v2\/pages\/5342","targetHints":{"allow":["GET"]}}],"collection":[{"href":"https:\/\/www.titantec.com\/pt\/wp-json\/wp\/v2\/pages"}],"about":[{"href":"https:\/\/www.titantec.com\/pt\/wp-json\/wp\/v2\/types\/page"}],"author":[{"embeddable":true,"href":"https:\/\/www.titantec.com\/pt\/wp-json\/wp\/v2\/users\/1"}],"replies":[{"embeddable":true,"href":"https:\/\/www.titantec.com\/pt\/wp-json\/wp\/v2\/comments?post=5342"}],"version-history":[{"count":0,"href":"https:\/\/www.titantec.com\/pt\/wp-json\/wp\/v2\/pages\/5342\/revisions"}],"wp:attachment":[{"href":"https:\/\/www.titantec.com\/pt\/wp-json\/wp\/v2\/media?parent=5342"}],"curies":[{"name":"wp","href":"https:\/\/api.w.org\/{rel}","templated":true}]}}